{"id":578,"date":"2024-05-02T23:08:42","date_gmt":"2024-05-02T23:08:42","guid":{"rendered":"https:\/\/gruposolido.com.mx\/colinasdelsur\/?page_id=578"},"modified":"2024-11-26T20:41:00","modified_gmt":"2024-11-26T20:41:00","slug":"politica-de-no-discriminacion","status":"publish","type":"page","link":"https:\/\/gruposolido.com.mx\/colinasdelsur\/politica-de-no-discriminacion\/","title":{"rendered":"Pol\u00edtica de no discriminaci\u00f3n"},"content":{"rendered":"\t\t<div data-elementor-type=\"wp-page\" data-elementor-id=\"578\" class=\"elementor elementor-578\" data-elementor-post-type=\"page\">\n\t\t\t\t<div class=\"elementor-element elementor-element-16e1ae8 e-grid e-con-full e-con e-parent\" data-id=\"16e1ae8\" data-element_type=\"container\" data-settings=\"{&quot;background_background&quot;:&quot;gradient&quot;}\" data-core-v316-plus=\"true\">\n\t\t\t\t<div class=\"elementor-element elementor-element-6386a38 elementor-widget elementor-widget-image\" data-id=\"6386a38\" data-element_type=\"widget\" data-widget_type=\"image.default\">\n\t\t\t\t<div class=\"elementor-widget-container\">\n\t\t\t<style>\/*! elementor - v3.20.0 - 10-04-2024 *\/\n.elementor-widget-image{text-align:center}.elementor-widget-image a{display:inline-block}.elementor-widget-image a img[src$=\".svg\"]{width:48px}.elementor-widget-image img{vertical-align:middle;display:inline-block}<\/style>\t\t\t\t\t\t\t\t\t\t\t<a href=\"https:\/\/gruposolido.com.mx\/colinasdelsur\/\">\n\t\t\t\t\t\t\t<img fetchpriority=\"high\" decoding=\"async\" width=\"1337\" height=\"511\" src=\"https:\/\/gruposolido.com.mx\/colinasdelsur\/wp-content\/uploads\/2024\/04\/Logo-horizontal.png\" class=\"attachment-full size-full wp-image-126\" alt=\"\" srcset=\"https:\/\/gruposolido.com.mx\/colinasdelsur\/wp-content\/uploads\/2024\/04\/Logo-horizontal.png 1337w, https:\/\/gruposolido.com.mx\/colinasdelsur\/wp-content\/uploads\/2024\/04\/Logo-horizontal-300x115.png 300w, https:\/\/gruposolido.com.mx\/colinasdelsur\/wp-content\/uploads\/2024\/04\/Logo-horizontal-1024x391.png 1024w, https:\/\/gruposolido.com.mx\/colinasdelsur\/wp-content\/uploads\/2024\/04\/Logo-horizontal-768x294.png 768w\" sizes=\"(max-width: 1337px) 100vw, 1337px\" \/>\t\t\t\t\t\t\t\t<\/a>\n\t\t\t\t\t\t\t\t\t\t\t\t\t<\/div>\n\t\t\t\t<\/div>\n\t\t\t\t<div class=\"elementor-element elementor-element-68092a3 elementor-nav-menu--dropdown-tablet elementor-nav-menu__text-align-aside elementor-nav-menu--toggle elementor-nav-menu--burger elementor-widget elementor-widget-nav-menu\" data-id=\"68092a3\" data-element_type=\"widget\" data-settings=\"{&quot;layout&quot;:&quot;horizontal&quot;,&quot;submenu_icon&quot;:{&quot;value&quot;:&quot;&lt;svg class=\\&quot;e-font-icon-svg e-fas-caret-down\\&quot; viewBox=\\&quot;0 0 320 512\\&quot; xmlns=\\&quot;http:\\\/\\\/www.w3.org\\\/2000\\\/svg\\&quot;&gt;&lt;path d=\\&quot;M31.3 192h257.3c17.8 0 26.7 21.5 14.1 34.1L174.1 354.8c-7.8 7.8-20.5 7.8-28.3 0L17.2 226.1C4.6 213.5 13.5 192 31.3 192z\\&quot;&gt;&lt;\\\/path&gt;&lt;\\\/svg&gt;&quot;,&quot;library&quot;:&quot;fa-solid&quot;},&quot;toggle&quot;:&quot;burger&quot;}\" data-widget_type=\"nav-menu.default\">\n\t\t\t\t<div class=\"elementor-widget-container\">\n\t\t\t<link rel=\"stylesheet\" href=\"https:\/\/gruposolido.com.mx\/colinasdelsur\/wp-content\/plugins\/elementor-pro\/assets\/css\/widget-nav-menu.min.css\">\t\t\t<nav class=\"elementor-nav-menu--main elementor-nav-menu__container elementor-nav-menu--layout-horizontal e--pointer-underline e--animation-fade\">\n\t\t\t\t<ul id=\"menu-1-68092a3\" class=\"elementor-nav-menu\"><li class=\"menu-item menu-item-type-custom menu-item-object-custom menu-item-home menu-item-631\"><a href=\"https:\/\/gruposolido.com.mx\/colinasdelsur\/#planmaestro\" class=\"elementor-item elementor-item-anchor\">Plan Maestro<\/a><\/li>\n<li class=\"menu-item menu-item-type-custom menu-item-object-custom menu-item-632\"><a href=\"https:\/\/gruposolido.com.mx\/colinasdelsur\/amenidades\" class=\"elementor-item\">Amenidades<\/a><\/li>\n<li class=\"menu-item menu-item-type-custom menu-item-object-custom menu-item-home menu-item-633\"><a href=\"https:\/\/gruposolido.com.mx\/colinasdelsur\/#prototipos\" class=\"elementor-item elementor-item-anchor\">Prototipos<\/a><\/li>\n<li class=\"menu-item menu-item-type-custom menu-item-object-custom menu-item-home menu-item-634\"><a href=\"https:\/\/gruposolido.com.mx\/colinasdelsur\/#ubicacion\" class=\"elementor-item elementor-item-anchor\">Ubicaci\u00f3n<\/a><\/li>\n<li class=\"menu-item menu-item-type-custom menu-item-object-custom menu-item-home menu-item-635\"><a href=\"https:\/\/gruposolido.com.mx\/colinasdelsur\/#contacto\" class=\"elementor-item elementor-item-anchor\">Contacto<\/a><\/li>\n<li class=\"menu-item menu-item-type-custom menu-item-object-custom menu-item-636\"><a href=\"https:\/\/gruposolido.com.mx\/\" class=\"elementor-item\">Otros Desarrollos<\/a><\/li>\n<\/ul>\t\t\t<\/nav>\n\t\t\t\t\t<div class=\"elementor-menu-toggle\" role=\"button\" tabindex=\"0\" aria-label=\"Menu Toggle\" aria-expanded=\"false\">\n\t\t\t<svg aria-hidden=\"true\" role=\"presentation\" class=\"elementor-menu-toggle__icon--open e-font-icon-svg e-eicon-menu-bar\" viewBox=\"0 0 1000 1000\" xmlns=\"http:\/\/www.w3.org\/2000\/svg\"><path d=\"M104 333H896C929 333 958 304 958 271S929 208 896 208H104C71 208 42 237 42 271S71 333 104 333ZM104 583H896C929 583 958 554 958 521S929 458 896 458H104C71 458 42 487 42 521S71 583 104 583ZM104 833H896C929 833 958 804 958 771S929 708 896 708H104C71 708 42 737 42 771S71 833 104 833Z\"><\/path><\/svg><svg aria-hidden=\"true\" role=\"presentation\" class=\"elementor-menu-toggle__icon--close e-font-icon-svg e-eicon-close\" viewBox=\"0 0 1000 1000\" xmlns=\"http:\/\/www.w3.org\/2000\/svg\"><path d=\"M742 167L500 408 258 167C246 154 233 150 217 150 196 150 179 158 167 167 154 179 150 196 150 212 150 229 154 242 171 254L408 500 167 742C138 771 138 800 167 829 196 858 225 858 254 829L496 587 738 829C750 842 767 846 783 846 800 846 817 842 829 829 842 817 846 804 846 783 846 767 842 750 829 737L588 500 833 258C863 229 863 200 833 171 804 137 775 137 742 167Z\"><\/path><\/svg>\t\t\t<span class=\"elementor-screen-only\">Menu<\/span>\n\t\t<\/div>\n\t\t\t\t\t<nav class=\"elementor-nav-menu--dropdown elementor-nav-menu__container\" aria-hidden=\"true\">\n\t\t\t\t<ul id=\"menu-2-68092a3\" class=\"elementor-nav-menu\"><li class=\"menu-item menu-item-type-custom menu-item-object-custom menu-item-home menu-item-631\"><a href=\"https:\/\/gruposolido.com.mx\/colinasdelsur\/#planmaestro\" class=\"elementor-item elementor-item-anchor\" tabindex=\"-1\">Plan Maestro<\/a><\/li>\n<li class=\"menu-item menu-item-type-custom menu-item-object-custom menu-item-632\"><a href=\"https:\/\/gruposolido.com.mx\/colinasdelsur\/amenidades\" class=\"elementor-item\" tabindex=\"-1\">Amenidades<\/a><\/li>\n<li class=\"menu-item menu-item-type-custom menu-item-object-custom menu-item-home menu-item-633\"><a href=\"https:\/\/gruposolido.com.mx\/colinasdelsur\/#prototipos\" class=\"elementor-item elementor-item-anchor\" tabindex=\"-1\">Prototipos<\/a><\/li>\n<li class=\"menu-item menu-item-type-custom menu-item-object-custom menu-item-home menu-item-634\"><a href=\"https:\/\/gruposolido.com.mx\/colinasdelsur\/#ubicacion\" class=\"elementor-item elementor-item-anchor\" tabindex=\"-1\">Ubicaci\u00f3n<\/a><\/li>\n<li class=\"menu-item menu-item-type-custom menu-item-object-custom menu-item-home menu-item-635\"><a href=\"https:\/\/gruposolido.com.mx\/colinasdelsur\/#contacto\" class=\"elementor-item elementor-item-anchor\" tabindex=\"-1\">Contacto<\/a><\/li>\n<li class=\"menu-item menu-item-type-custom menu-item-object-custom menu-item-636\"><a href=\"https:\/\/gruposolido.com.mx\/\" class=\"elementor-item\" tabindex=\"-1\">Otros Desarrollos<\/a><\/li>\n<\/ul>\t\t\t<\/nav>\n\t\t\t\t<\/div>\n\t\t\t\t<\/div>\n\t\t\t\t<\/div>\n\t\t<div class=\"elementor-element elementor-element-eb4694e e-flex e-con-boxed e-con e-parent\" data-id=\"eb4694e\" data-element_type=\"container\" data-core-v316-plus=\"true\">\n\t\t\t\t\t<div class=\"e-con-inner\">\n\t\t\t\t<div class=\"elementor-element elementor-element-a5962dd elementor-widget elementor-widget-text-editor\" data-id=\"a5962dd\" data-element_type=\"widget\" data-widget_type=\"text-editor.default\">\n\t\t\t\t<div class=\"elementor-widget-container\">\n\t\t\t<style>\/*! elementor - v3.20.0 - 10-04-2024 *\/\n.elementor-widget-text-editor.elementor-drop-cap-view-stacked .elementor-drop-cap{background-color:#69727d;color:#fff}.elementor-widget-text-editor.elementor-drop-cap-view-framed .elementor-drop-cap{color:#69727d;border:3px solid;background-color:transparent}.elementor-widget-text-editor:not(.elementor-drop-cap-view-default) .elementor-drop-cap{margin-top:8px}.elementor-widget-text-editor:not(.elementor-drop-cap-view-default) .elementor-drop-cap-letter{width:1em;height:1em}.elementor-widget-text-editor .elementor-drop-cap{float:left;text-align:center;line-height:1;font-size:50px}.elementor-widget-text-editor .elementor-drop-cap-letter{display:inline-block}<\/style>\t\t\t\t<h1>\u00a0<\/h1><h1 style=\"text-align: center;\"><span style=\"color: #5b7a2d;\"><span style=\"caret-color: #5b7a2d;\"><b>POL\u00cdTICA DE NO DISCRIMINACI\u00d3N EN LA PROMOCI\u00d3N Y VENTA DE VIVIENDAS\u00a0<\/b><\/span><\/span><\/h1><p><strong><span style=\"color: #5b7a2d;\">INMOBILIARIA LAS LOMAS GDL, S.A. DE C.V.<\/span><\/strong> INMOBILIARIAS LAS LOMAS GDL S.A. DE C.V. como empresa socialmente responsable, y como ente comprometido con la defensa y el cumplimiento de los Derechos Humanos hace de su conocimiento que garantiza el derecho fundamental a la no discriminaci\u00f3n en los procesos de promoci\u00f3n y venta de inmuebles, quedando<br \/>prohibido cualquier forma de maltrato, violencia, as\u00ed como hacer distinciones, exclusiones, o restricciones basadas en el origen \u00e9tnico o nacional, apariencia f\u00edsica, cultura, sexo, g\u00e9nero, edad, discapacidad, condici\u00f3n social o econ\u00f3mica, condiciones de salud, embarazo, lengua, religi\u00f3n, dogmas pol\u00edticos, opiniones, preferencias sexuales, estado civil, situaci\u00f3n migratoria, o cualquier otra, que tenga por efecto impedir, coartar, o anular el ejercicio de los derechos de los clientes.<br \/>\u00bfC\u00d3MO CONTACTARNOS?<br \/>Si usted tiene alguna duda sobre el presente Pol\u00edticas de no Discriminaci\u00f3n en la<br \/>Promoci\u00f3n y Venta de Viviendas, puede dirigirla a:<\/p><h4><span style=\"color: #2f3f1c;\"><strong>\u00bfC\u00f3mo contactarnos?<\/strong><\/span><\/h4><p>Si usted tiene alguna duda sobre el presente Pol\u00edtica de No Discriminaci\u00f3n en la Promoci\u00f3n y Venta de Viviendas, puede dirigirla a:<\/p><ul><li>La direcci\u00f3n electr\u00f3nica <strong><span style=\"color: #5b7a2d;\"><a style=\"color: #5b7a2d;\" href=\"mailto:mercadotecnia@solido.com.mx\">mercadotecnia@solido.com.mx<\/a><\/span><\/strong><\/li><li>Al tel\u00e9fono <strong><span style=\"color: #5b7a2d;\"><a style=\"color: #5b7a2d;\" href=\"tel:3330012600\">(33) 30012600<\/a><\/span><\/strong><\/li><\/ul><p>Asimismo, ponemos a su entera disposici\u00f3n copias del presente aviso de privacidad en nuestro domicilio y en nuestra p\u00e1gina de Internet <strong><span style=\"color: #5b7a2d;\"><a style=\"color: #5b7a2d;\" href=\"https:\/\/gruposolido.com.mx\/haciendasantillana\/aviso\/www.gruposolido.com.mx\">www.gruposolido.com.mx<\/a><\/span><\/strong><\/p><p><strong>\u00a0<\/strong><\/p>\t\t\t\t\t\t<\/div>\n\t\t\t\t<\/div>\n\t\t\t\t\t<\/div>\n\t\t\t\t<\/div>\n\t\t<div class=\"elementor-element elementor-element-3510aa6 e-flex e-con-boxed e-con e-parent\" data-id=\"3510aa6\" data-element_type=\"container\" data-settings=\"{&quot;background_background&quot;:&quot;classic&quot;}\" data-core-v316-plus=\"true\">\n\t\t\t\t\t<div class=\"e-con-inner\">\n\t\t<div class=\"elementor-element elementor-element-ef8547d e-con-full e-flex e-con e-child\" data-id=\"ef8547d\" data-element_type=\"container\">\n\t\t\t\t<div class=\"elementor-element elementor-element-eb649cb elementor-widget elementor-widget-image\" data-id=\"eb649cb\" data-element_type=\"widget\" data-widget_type=\"image.default\">\n\t\t\t\t<div class=\"elementor-widget-container\">\n\t\t\t\t\t\t\t\t\t\t\t\t\t<img decoding=\"async\" width=\"614\" height=\"298\" src=\"https:\/\/gruposolido.com.mx\/colinasdelsur\/wp-content\/uploads\/2024\/05\/solido.png\" class=\"attachment-full size-full wp-image-1065\" alt=\"\" srcset=\"https:\/\/gruposolido.com.mx\/colinasdelsur\/wp-content\/uploads\/2024\/05\/solido.png 614w, https:\/\/gruposolido.com.mx\/colinasdelsur\/wp-content\/uploads\/2024\/05\/solido-300x146.png 300w\" sizes=\"(max-width: 614px) 100vw, 614px\" \/>\t\t\t\t\t\t\t\t\t\t\t\t\t<\/div>\n\t\t\t\t<\/div>\n\t\t\t\t<\/div>\n\t\t<div class=\"elementor-element elementor-element-c96d20b e-con-full e-flex e-con e-child\" data-id=\"c96d20b\" data-element_type=\"container\">\n\t\t\t\t<div class=\"elementor-element elementor-element-3f0889d elementor-widget elementor-widget-text-editor\" data-id=\"3f0889d\" data-element_type=\"widget\" data-widget_type=\"text-editor.default\">\n\t\t\t\t<div class=\"elementor-widget-container\">\n\t\t\t\t\t\t\t<p><span style=\"color: #ffffff;\"><a style=\"color: #ffffff;\" href=\"https:\/\/maps.app.goo.gl\/cYsH2A1qsgi9uxKeA\"><b>Av. Arroyo Seco S\/N, San Sebastianito, 45601 San Pedro Tlaquepaque, Jal.<\/b><\/a><\/span><\/p><p><span class=\"blanco\">\u00a9 2024 Colinas del Sur \/ Grupo S\u00f3lido\u00ae<br \/>Im\u00e1genes ilustrativas sujetas a cambio sin previo aviso<br \/>Todos los derechos reservados<\/span><\/p><p class=\"blanco\">En el caso de requerir establecer contacto, queja o reclamaci\u00f3n favor de contactarnos en los siguientes medios:<\/p><p><span class=\"blanco\">Av. Adolfo Lop\u00e9z Mateos Sur 2077 Nivel 4 Jardines Plaza del Sol, 44510, Guadalajara, Jal, Mex. 33 3001 2600 experienciadecompra@solido.com.mx<br \/>Lunes a viernes de 8:00 a 14:00 hrs y de 16:00 a 19:00 horas<\/span><\/p>\t\t\t\t\t\t<\/div>\n\t\t\t\t<\/div>\n\t\t\t\t<\/div>\n\t\t<div class=\"elementor-element elementor-element-9ae9b45 e-con-full e-flex e-con e-child\" data-id=\"9ae9b45\" data-element_type=\"container\">\n\t\t\t\t<div class=\"elementor-element elementor-element-449a7a4 elementor-grid-2 e-grid-align-right elementor-shape-rounded elementor-widget elementor-widget-social-icons\" data-id=\"449a7a4\" data-element_type=\"widget\" data-widget_type=\"social-icons.default\">\n\t\t\t\t<div class=\"elementor-widget-container\">\n\t\t\t<style>\/*! elementor - v3.20.0 - 10-04-2024 *\/\n.elementor-widget-social-icons.elementor-grid-0 .elementor-widget-container,.elementor-widget-social-icons.elementor-grid-mobile-0 .elementor-widget-container,.elementor-widget-social-icons.elementor-grid-tablet-0 .elementor-widget-container{line-height:1;font-size:0}.elementor-widget-social-icons:not(.elementor-grid-0):not(.elementor-grid-tablet-0):not(.elementor-grid-mobile-0) .elementor-grid{display:inline-grid}.elementor-widget-social-icons .elementor-grid{grid-column-gap:var(--grid-column-gap,5px);grid-row-gap:var(--grid-row-gap,5px);grid-template-columns:var(--grid-template-columns);justify-content:var(--justify-content,center);justify-items:var(--justify-content,center)}.elementor-icon.elementor-social-icon{font-size:var(--icon-size,25px);line-height:var(--icon-size,25px);width:calc(var(--icon-size, 25px) + 2 * var(--icon-padding, .5em));height:calc(var(--icon-size, 25px) + 2 * var(--icon-padding, .5em))}.elementor-social-icon{--e-social-icon-icon-color:#fff;display:inline-flex;background-color:#69727d;align-items:center;justify-content:center;text-align:center;cursor:pointer}.elementor-social-icon i{color:var(--e-social-icon-icon-color)}.elementor-social-icon svg{fill:var(--e-social-icon-icon-color)}.elementor-social-icon:last-child{margin:0}.elementor-social-icon:hover{opacity:.9;color:#fff}.elementor-social-icon-android{background-color:#a4c639}.elementor-social-icon-apple{background-color:#999}.elementor-social-icon-behance{background-color:#1769ff}.elementor-social-icon-bitbucket{background-color:#205081}.elementor-social-icon-codepen{background-color:#000}.elementor-social-icon-delicious{background-color:#39f}.elementor-social-icon-deviantart{background-color:#05cc47}.elementor-social-icon-digg{background-color:#005be2}.elementor-social-icon-dribbble{background-color:#ea4c89}.elementor-social-icon-elementor{background-color:#d30c5c}.elementor-social-icon-envelope{background-color:#ea4335}.elementor-social-icon-facebook,.elementor-social-icon-facebook-f{background-color:#3b5998}.elementor-social-icon-flickr{background-color:#0063dc}.elementor-social-icon-foursquare{background-color:#2d5be3}.elementor-social-icon-free-code-camp,.elementor-social-icon-freecodecamp{background-color:#006400}.elementor-social-icon-github{background-color:#333}.elementor-social-icon-gitlab{background-color:#e24329}.elementor-social-icon-globe{background-color:#69727d}.elementor-social-icon-google-plus,.elementor-social-icon-google-plus-g{background-color:#dd4b39}.elementor-social-icon-houzz{background-color:#7ac142}.elementor-social-icon-instagram{background-color:#262626}.elementor-social-icon-jsfiddle{background-color:#487aa2}.elementor-social-icon-link{background-color:#818a91}.elementor-social-icon-linkedin,.elementor-social-icon-linkedin-in{background-color:#0077b5}.elementor-social-icon-medium{background-color:#00ab6b}.elementor-social-icon-meetup{background-color:#ec1c40}.elementor-social-icon-mixcloud{background-color:#273a4b}.elementor-social-icon-odnoklassniki{background-color:#f4731c}.elementor-social-icon-pinterest{background-color:#bd081c}.elementor-social-icon-product-hunt{background-color:#da552f}.elementor-social-icon-reddit{background-color:#ff4500}.elementor-social-icon-rss{background-color:#f26522}.elementor-social-icon-shopping-cart{background-color:#4caf50}.elementor-social-icon-skype{background-color:#00aff0}.elementor-social-icon-slideshare{background-color:#0077b5}.elementor-social-icon-snapchat{background-color:#fffc00}.elementor-social-icon-soundcloud{background-color:#f80}.elementor-social-icon-spotify{background-color:#2ebd59}.elementor-social-icon-stack-overflow{background-color:#fe7a15}.elementor-social-icon-steam{background-color:#00adee}.elementor-social-icon-stumbleupon{background-color:#eb4924}.elementor-social-icon-telegram{background-color:#2ca5e0}.elementor-social-icon-threads{background-color:#000}.elementor-social-icon-thumb-tack{background-color:#1aa1d8}.elementor-social-icon-tripadvisor{background-color:#589442}.elementor-social-icon-tumblr{background-color:#35465c}.elementor-social-icon-twitch{background-color:#6441a5}.elementor-social-icon-twitter{background-color:#1da1f2}.elementor-social-icon-viber{background-color:#665cac}.elementor-social-icon-vimeo{background-color:#1ab7ea}.elementor-social-icon-vk{background-color:#45668e}.elementor-social-icon-weibo{background-color:#dd2430}.elementor-social-icon-weixin{background-color:#31a918}.elementor-social-icon-whatsapp{background-color:#25d366}.elementor-social-icon-wordpress{background-color:#21759b}.elementor-social-icon-x-twitter{background-color:#000}.elementor-social-icon-xing{background-color:#026466}.elementor-social-icon-yelp{background-color:#af0606}.elementor-social-icon-youtube{background-color:#cd201f}.elementor-social-icon-500px{background-color:#0099e5}.elementor-shape-rounded .elementor-icon.elementor-social-icon{border-radius:10%}.elementor-shape-circle .elementor-icon.elementor-social-icon{border-radius:50%}<\/style>\t\t<div class=\"elementor-social-icons-wrapper elementor-grid\">\n\t\t\t\t\t\t\t<span class=\"elementor-grid-item\">\n\t\t\t\t\t<a class=\"elementor-icon elementor-social-icon elementor-social-icon-instagram elementor-repeater-item-a7e4b58\" href=\"https:\/\/www.instagram.com\/colinasdelsurresidencial\/?hl=es-\" target=\"_blank\">\n\t\t\t\t\t\t<span class=\"elementor-screen-only\">Instagram<\/span>\n\t\t\t\t\t\t<svg class=\"e-font-icon-svg e-fab-instagram\" viewBox=\"0 0 448 512\" xmlns=\"http:\/\/www.w3.org\/2000\/svg\"><path d=\"M224.1 141c-63.6 0-114.9 51.3-114.9 114.9s51.3 114.9 114.9 114.9S339 319.5 339 255.9 287.7 141 224.1 141zm0 189.6c-41.1 0-74.7-33.5-74.7-74.7s33.5-74.7 74.7-74.7 74.7 33.5 74.7 74.7-33.6 74.7-74.7 74.7zm146.4-194.3c0 14.9-12 26.8-26.8 26.8-14.9 0-26.8-12-26.8-26.8s12-26.8 26.8-26.8 26.8 12 26.8 26.8zm76.1 27.2c-1.7-35.9-9.9-67.7-36.2-93.9-26.2-26.2-58-34.4-93.9-36.2-37-2.1-147.9-2.1-184.9 0-35.8 1.7-67.6 9.9-93.9 36.1s-34.4 58-36.2 93.9c-2.1 37-2.1 147.9 0 184.9 1.7 35.9 9.9 67.7 36.2 93.9s58 34.4 93.9 36.2c37 2.1 147.9 2.1 184.9 0 35.9-1.7 67.7-9.9 93.9-36.2 26.2-26.2 34.4-58 36.2-93.9 2.1-37 2.1-147.8 0-184.8zM398.8 388c-7.8 19.6-22.9 34.7-42.6 42.6-29.5 11.7-99.5 9-132.1 9s-102.7 2.6-132.1-9c-19.6-7.8-34.7-22.9-42.6-42.6-11.7-29.5-9-99.5-9-132.1s-2.6-102.7 9-132.1c7.8-19.6 22.9-34.7 42.6-42.6 29.5-11.7 99.5-9 132.1-9s102.7-2.6 132.1 9c19.6 7.8 34.7 22.9 42.6 42.6 11.7 29.5 9 99.5 9 132.1s2.7 102.7-9 132.1z\"><\/path><\/svg>\t\t\t\t\t<\/a>\n\t\t\t\t<\/span>\n\t\t\t\t\t\t\t<span class=\"elementor-grid-item\">\n\t\t\t\t\t<a class=\"elementor-icon elementor-social-icon elementor-social-icon-facebook elementor-repeater-item-656b449\" href=\"https:\/\/www.facebook.com\/profile.php?id=61555347166932\" target=\"_blank\">\n\t\t\t\t\t\t<span class=\"elementor-screen-only\">Facebook<\/span>\n\t\t\t\t\t\t<svg class=\"e-font-icon-svg e-fab-facebook\" viewBox=\"0 0 512 512\" xmlns=\"http:\/\/www.w3.org\/2000\/svg\"><path d=\"M504 256C504 119 393 8 256 8S8 119 8 256c0 123.78 90.69 226.38 209.25 245V327.69h-63V256h63v-54.64c0-62.15 37-96.48 93.67-96.48 27.14 0 55.52 4.84 55.52 4.84v61h-31.28c-30.8 0-40.41 19.12-40.41 38.73V256h68.78l-11 71.69h-57.78V501C413.31 482.38 504 379.78 504 256z\"><\/path><\/svg>\t\t\t\t\t<\/a>\n\t\t\t\t<\/span>\n\t\t\t\t\t<\/div>\n\t\t\t\t<\/div>\n\t\t\t\t<\/div>\n\t\t\t\t<div class=\"elementor-element elementor-element-877f920 elementor-widget elementor-widget-text-editor\" data-id=\"877f920\" data-element_type=\"widget\" data-widget_type=\"text-editor.default\">\n\t\t\t\t<div class=\"elementor-widget-container\">\n\t\t\t\t\t\t\t<p style=\"text-align: right;\"><span style=\"color: #ffffff;\"><a style=\"color: #ffffff;\" href=\"https:\/\/gruposolido.com.mx\/colinasdelsur\/aviso-de-privacidad\/\">AVISO DE PRIVACIDAD<\/a><\/span><\/p>\t\t\t\t\t\t<\/div>\n\t\t\t\t<\/div>\n\t\t\t\t<div class=\"elementor-element elementor-element-21ad6ed elementor-widget elementor-widget-text-editor\" data-id=\"21ad6ed\" data-element_type=\"widget\" data-widget_type=\"text-editor.default\">\n\t\t\t\t<div class=\"elementor-widget-container\">\n\t\t\t\t\t\t\t<p style=\"text-align: right;\"><a href=\"https:\/\/gruposolido.com.mx\/colinasdelsur\/terminos-y-condiciones-de-las-garantias\/\"><span style=\"color: #ffffff;\">POL\u00cdTICA DE NO DISCRIMINACI\u00d3N<\/span><\/a><\/p>\t\t\t\t\t\t<\/div>\n\t\t\t\t<\/div>\n\t\t\t\t<div class=\"elementor-element elementor-element-96126de elementor-widget elementor-widget-text-editor\" data-id=\"96126de\" data-element_type=\"widget\" data-widget_type=\"text-editor.default\">\n\t\t\t\t<div class=\"elementor-widget-container\">\n\t\t\t\t\t\t\t<p style=\"text-align: right;\"><a href=\"https:\/\/gruposolido.com.mx\/colinasdelsur\/terminos-y-condiciones-de-las-garantias\/\"><span style=\"color: #ffffff;\">T\u00c9RMINOS Y CONDICIONES DE LAS GARANT\u00cdAS<\/span><\/a><\/p>\t\t\t\t\t\t<\/div>\n\t\t\t\t<\/div>\n\t\t\t\t<div class=\"elementor-element elementor-element-cb0590d elementor-widget elementor-widget-text-editor\" data-id=\"cb0590d\" data-element_type=\"widget\" data-widget_type=\"text-editor.default\">\n\t\t\t\t<div class=\"elementor-widget-container\">\n\t\t\t\t\t\t\t<p style=\"text-align: right;\"><span style=\"color: #ffffff;\"><a style=\"color: #ffffff;\" href=\"https:\/\/gruposolido.com.mx\/colinasdelsur\/wp-content\/uploads\/2024\/11\/INMOBILIARIA-LAS-LOMAS-GDL-0000569085PFC.B.E.7-007088-2022.pdf\">CONTRATO DE ADHESI\u00d3N<\/a><\/span><\/p>\t\t\t\t\t\t<\/div>\n\t\t\t\t<\/div>\n\t\t\t\t<div class=\"elementor-element elementor-element-3ff3cb2 elementor-widget elementor-widget-text-editor\" data-id=\"3ff3cb2\" data-element_type=\"widget\" data-widget_type=\"text-editor.default\">\n\t\t\t\t<div class=\"elementor-widget-container\">\n\t\t\t\t\t\t\t<p><span style=\"color: #ffffff;\"><a style=\"color: #ffffff;\" href=\"https:\/\/gruposolido.com.mx\/colinasdelsur\/wp-content\/uploads\/2024\/11\/PRECIOS-1.jpg\">PRECIOS<\/a><\/span><\/p>\t\t\t\t\t\t<\/div>\n\t\t\t\t<\/div>\n\t\t\t\t<\/div>\n\t\t\t\t\t<\/div>\n\t\t\t\t<\/div>\n\t\t\t\t<\/div>\n\t\t","protected":false},"excerpt":{"rendered":"<p>\u00a0 POL\u00cdTICA DE NO DISCRIMINACI\u00d3N EN LA PROMOCI\u00d3N Y VENTA DE VIVIENDAS\u00a0 INMOBILIARIA LAS LOMAS GDL, S.A. DE C.V. INMOBILIARIAS LAS LOMAS GDL S.A. DE C.V. como empresa socialmente responsable, y como ente comprometido con la defensa y el cumplimiento de los Derechos Humanos hace de su conocimiento que garantiza el derecho fundamental a la [&hellip;]<\/p>\n","protected":false},"author":2,"featured_media":0,"parent":0,"menu_order":0,"comment_status":"closed","ping_status":"closed","template":"elementor_canvas","meta":{"footnotes":""},"_links":{"self":[{"href":"https:\/\/gruposolido.com.mx\/colinasdelsur\/wp-json\/wp\/v2\/pages\/578"}],"collection":[{"href":"https:\/\/gruposolido.com.mx\/colinasdelsur\/wp-json\/wp\/v2\/pages"}],"about":[{"href":"https:\/\/gruposolido.com.mx\/colinasdelsur\/wp-json\/wp\/v2\/types\/page"}],"author":[{"embeddable":true,"href":"https:\/\/gruposolido.com.mx\/colinasdelsur\/wp-json\/wp\/v2\/users\/2"}],"replies":[{"embeddable":true,"href":"https:\/\/gruposolido.com.mx\/colinasdelsur\/wp-json\/wp\/v2\/comments?post=578"}],"version-history":[{"count":56,"href":"https:\/\/gruposolido.com.mx\/colinasdelsur\/wp-json\/wp\/v2\/pages\/578\/revisions"}],"predecessor-version":[{"id":1576,"href":"https:\/\/gruposolido.com.mx\/colinasdelsur\/wp-json\/wp\/v2\/pages\/578\/revisions\/1576"}],"wp:attachment":[{"href":"https:\/\/gruposolido.com.mx\/colinasdelsur\/wp-json\/wp\/v2\/media?parent=578"}],"curies":[{"name":"wp","href":"https:\/\/api.w.org\/{rel}","templated":true}]}}