{"id":362,"date":"2025-04-29T10:31:51","date_gmt":"2025-04-29T16:31:51","guid":{"rendered":"https:\/\/gruposolido.com.mx\/puntoajijic\/?page_id=362"},"modified":"2025-04-30T13:10:03","modified_gmt":"2025-04-30T19:10:03","slug":"aviso-de-privacidad","status":"publish","type":"page","link":"https:\/\/gruposolido.com.mx\/puntoajijic\/aviso-de-privacidad\/","title":{"rendered":"Aviso de privacidad"},"content":{"rendered":"<section class=\"bde-section-362-100 bde-section\">\n  \n\t\n\n\n\n<div class=\"section-container\"><img decoding=\"async\" class=\"bde-image2-362-101 bde-image2\" src=\"https:\/\/gruposolido.com.mx\/puntoajijic\/wp-content\/uploads\/2025\/02\/Logo.png\" loading=\"lazy\" sizes=\"(max-width: 144px) 100vw, 144px\"><\/img><div class=\"bde-wp-menu-362-102 bde-wp-menu\">\n\n\n      \n        \n    <nav class=\"breakdance-menu breakdance-menu--collapse    \">\n    <button class=\"breakdance-menu-toggle breakdance-menu-toggle--squeeze\" type=\"button\" aria-label=\"Open Menu\" aria-expanded=\"false\" aria-controls=\"menu-102\">\n                  <span class=\"breakdance-menu-toggle-icon\">\n            <span class=\"breakdance-menu-toggle-lines\"><\/span>\n          <\/span>\n            <\/button>\n    \n  <ul class=\"breakdance-menu-list\" id=\"menu-102\">\n              \n  \n    <li id=\"menu-item-19\" class=\"menu-item menu-item-type-post_type menu-item-object-page menu-item-home menu-item-19 breakdance-menu-item\"><a href=\"https:\/\/gruposolido.com.mx\/puntoajijic\/es\/inicio\/\" class=\"breakdance-menu-link\">Esencia<\/a><\/li>\n<li id=\"menu-item-476\" class=\"menu-item menu-item-type-post_type menu-item-object-page menu-item-476 breakdance-menu-item\"><a href=\"https:\/\/gruposolido.com.mx\/puntoajijic\/es\/maqueta-digital\/\" class=\"breakdance-menu-link\">Maqueta digital<\/a><\/li>\n<li id=\"menu-item-98\" class=\"menu-item menu-item-type-post_type menu-item-object-page menu-item-98 breakdance-menu-item\"><a href=\"https:\/\/gruposolido.com.mx\/puntoajijic\/es\/prototipos\/\" class=\"breakdance-menu-link\">Prototipos<\/a><\/li>\n<li id=\"menu-item-99\" class=\"menu-item menu-item-type-post_type menu-item-object-page menu-item-99 breakdance-menu-item\"><a href=\"https:\/\/gruposolido.com.mx\/puntoajijic\/es\/galeria-y-amenidades\/\" class=\"breakdance-menu-link\">Galer\u00eda y amenidades<\/a><\/li>\n<li id=\"menu-item-100\" class=\"menu-item menu-item-type-post_type menu-item-object-page menu-item-100 breakdance-menu-item\"><a href=\"https:\/\/gruposolido.com.mx\/puntoajijic\/es\/ubicacion\/\" class=\"breakdance-menu-link\">Ubicaci\u00f3n<\/a><\/li>\n<li id=\"menu-item-101\" class=\"menu-item menu-item-type-post_type menu-item-object-page menu-item-101 breakdance-menu-item\"><a href=\"https:\/\/gruposolido.com.mx\/puntoajijic\/es\/contacto\/\" class=\"breakdance-menu-link\">Contacto<\/a><\/li>\n<li id=\"menu-item-102\" class=\"menu-item menu-item-type-post_type menu-item-object-page menu-item-102 breakdance-menu-item\"><a href=\"https:\/\/gruposolido.com.mx\/puntoajijic\/es\/avances\/\" class=\"breakdance-menu-link\">Avances<\/a><\/li>\n<li id=\"menu-item-249\" class=\"menu-item menu-item-type-custom menu-item-object-custom menu-item-249 breakdance-menu-item\"><a href=\"#pll_switcher\" class=\"breakdance-menu-link\">Idiomas<\/a><\/li>\n\n  <\/ul>\n  <\/nav>\n\n\n<\/div><\/div>\n<\/section><section class=\"bde-section-362-108 bde-section\">\n  \n\t\n\n\n\n<div class=\"section-container\"><div class=\"bde-rich-text-362-109 bde-rich-text breakdance-rich-text-styles\">\n<p style=\"text-align: center;\"><span style=\"color: #162943; font-size: 18pt;\"><b>AVISO DE PRIVACIDAD<\/b><\/span><\/p>\n<p>\u00a0<\/p>\n<p style=\"text-align: left;\"><span style=\"color: #162943; font-size: 12pt;\"><strong>AIJ DESARROLLOS S.A. DE C.V.<\/strong> est\u00e1 comprometido con la protecci\u00f3n de sus datos personales, al ser responsable de su uso, manejo y confidencialidad, y al respecto le informa lo siguiente:<br \/><\/span><\/p>\n<p style=\"text-align: left;\"><span style=\"color: #162943; font-size: 12pt;\"><strong>\u00bfPara qu\u00e9 fines utilizamos sus datos personales?<\/strong><br \/><\/span><\/p>\n<p style=\"text-align: left;\"><span style=\"color: #162943; font-size: 12pt;\">Su informaci\u00f3n personal ser\u00e1 utilizada para las siguientes finalidades como son: Asesorarle en materia inmobiliaria, con la intenci\u00f3n que est\u00e9 en condiciones de adquirir un bien inmueble que necesite y solicite; Tener una legal identificaci\u00f3n; Llevar a cabo gestiones administrativas de apoyo a usted para que pueda acceder a cr\u00e9ditos para la adquisici\u00f3n de inmuebles; Verificar la informaci\u00f3n que nos proporciona; Cumplir con las disposiciones legales que sean aplicables; generar informaci\u00f3n estad\u00edstica y uso necesarios para la correcta comercializaci\u00f3n de los servicios.<\/span><\/p>\n<p style=\"text-align: left;\"><span style=\"color: #162943; font-size: 12pt;\">Adicionalmente podr\u00edamos utilizar su informaci\u00f3n personal para las siguientes finalidades que no son necesarias para el servicio que solicita, pero que nos permiten y facilitan brindarle una mejor atenci\u00f3n: Mantener su expediente completo a efecto de que los servicios que llegare a solicitar sean m\u00e1s \u00e1giles; Evaluar la calidad del servicio que le brindamos; Ofrecerle nuevos servicios, productos o promociones.<\/span><\/p>\n<p style=\"text-align: left;\"><span style=\"color: #162943; font-size: 12pt;\"><strong>\u00bfQu\u00e9 datos personales utilizamos para los fines anteriores?<\/strong><br \/><\/span><\/p>\n<p style=\"text-align: left;\"><span style=\"color: #162943; font-size: 12pt;\">Como cliente le podemos solicitar la siguiente informaci\u00f3n personal, a Usted y a su c\u00f3nyuge (en caso de que sea casado):<\/span><\/p>\n<p style=\"text-align: left;\"><span style=\"color: #162943; font-size: 12pt;\">- Su nombre, nacionalidad, lugar y fecha de nacimiento, estado civil, direcci\u00f3n, ocupaci\u00f3n, sexo, su RFC y\/o su CURP y en su caso su calidad migratoria.<br \/>- Su correo electr\u00f3nico y n\u00famero telef\u00f3nico particular y m\u00f3vil.<br \/>- Comprobantes oficiales que acrediten su identidad y personalidad de la informaci\u00f3n que Usted declara, as\u00ed como de las garant\u00edas que en su caso usted deba prestar para el cumplimiento de los contratos que celebre con nosotros.<br \/><\/span><\/p>\n<p style=\"text-align: left;\"><span style=\"color: #162943; font-size: 12pt;\"><strong>\u00bfCon qui\u00e9n compartimos sus datos personales?<\/strong><\/span><\/p>\n<p style=\"text-align: left;\"><span style=\"color: #162943; font-size: 12pt;\">De forma eventual, sus datos personales se pueden compartir para el cumplimiento de requerimientos legales, o la atenci\u00f3n de una orden fundada y motivada de las autoridades competentes en ejercicio de sus funciones de notificaci\u00f3n, vigilancia y fiscalizaci\u00f3n, as\u00ed como autoridades judiciales y administrativas locales o federales en el marco de la legislaci\u00f3n mexicana.<br \/><\/span><\/p>\n<p style=\"text-align: left;\"><span style=\"color: #162943; font-size: 12pt;\">Asimismo, le informamos que en caso de que esta empresa, se vea obligada o necesite transferir su informaci\u00f3n personal a terceros nacionales o extranjeros distintos de los mencionados en el p\u00e1rrafo anterior, para el cumplimiento de nuestras actividades empresariales, ser\u00e1 informado previamente de esta situaci\u00f3n a efecto de solicitarle su autorizaci\u00f3n e informarle sobre los destinatarios o terceros receptores y finalidades de dichas transferencias, en t\u00e9rminos de lo previsto en los art\u00edculos 36 y 37 de la Ley Federal de Protecci\u00f3n de Datos Personales en Posesi\u00f3n de los Particulares y 68 de su Reglamento.<br \/><\/span><\/p>\n<p style=\"text-align: left;\"><span style=\"color: #162943; font-size: 12pt;\">En cualquier caso, comunicaremos el presente aviso de privacidad a los destinatarios de sus datos personales, a fin de que respeten sus t\u00e9rminos.<br \/><br \/><strong>\u00bfC\u00f3mo puede ejercer sus derechos arco o revocar su consentimiento?<\/strong><br \/><br \/>Los derechos ARCO, por sus siglas, se refieren al \u201cacceso, rectificaci\u00f3n, cancelaci\u00f3n y oposici\u00f3n\u201d al uso de sus datos personales.<br \/><\/span><\/p>\n<p style=\"text-align: left;\"><span style=\"color: #162943; font-size: 12pt;\">Usted podr\u00e1 acceder, rectificar, cancelar u oponerse al tratamiento de sus datos personales que tenemos en nuestros registros y archivos, o bien, revocar su consentimiento para el uso de los mismos, presentando solicitud por escrito en nuestro domicilio que se indica en el presente, dirigida a la persona o departamento de privacidad, o bien, v\u00eda correo electr\u00f3nico dirigido a <strong>mercadotecnia@solido.com.mx<\/strong><br \/><\/span><\/p>\n<p style=\"text-align: left;\"><span style=\"color: #162943; font-size: 12pt;\">Al respecto, queremos manifestarle que el ejercicio de los derechos ARCO o la revocaci\u00f3n del consentimiento, es independiente de las modificaciones a los datos personales asentados en los documentos, contratos e instrumentos p\u00fablicos que se celebren para la adquisici\u00f3n o actos tendientes a la adquisici\u00f3n de los inmuebles que este grupo empresarial y sus empresas comercializan. Por lo cual, cualquier acci\u00f3n o petici\u00f3n que nos solicite respecto a los mismos se regir\u00e1 por la legislaci\u00f3n aplicable.<\/span><\/p>\n<p style=\"text-align: left;\"><span style=\"color: #162943; font-size: 12pt;\">Es importante informarle que su solicitud deber\u00e1 contener, al menos, la siguiente informaci\u00f3n:<br \/><\/span><\/p>\n<p style=\"text-align: left;\"><span style=\"color: #162943; font-size: 12pt;\">Su nombre o el de su representante, domicilio u otro medio para comunicarle la respuesta.<br \/>Los documentos que acrediten su identidad, o en su caso, el de su representante.<br \/>La descripci\u00f3n clara y precisa de los datos personales respecto de los cuales busca ejercer su derecho, y,<br \/>Cualquier otro elemento o documento que facilite la localizaci\u00f3n de los datos personales.<br \/>Asimismo, deber\u00e1 acreditar su identidad mediante identificaci\u00f3n oficial vigente o en caso de presentar su solicitud a trav\u00e9s de su representante, a trav\u00e9s de instrumento p\u00fablico, carta poder firmada ante dos testigos o declaraci\u00f3n en comparecencia personal del titular.<br \/><\/span><\/p>\n<p style=\"text-align: left;\"><span style=\"color: #162943; font-size: 12pt;\">Nos comprometemos a darle respuesta en un plazo m\u00e1ximo de 20 d\u00edas h\u00e1biles contados a partir del d\u00eda en que recibamos su solicitud, misma que pondremos a su disposici\u00f3n en nuestro domicilio si en \u00e9l present\u00f3 su solicitud, o bien, a trav\u00e9s de correo electr\u00f3nico si el ejercicio de derechos ARCO los solicit\u00f3 por ese medio, previa acreditaci\u00f3n de su identidad. Si solicita acceso a sus datos personales, la reproducci\u00f3n de \u00e9stos se llevar\u00e1 a cabo a trav\u00e9s de copias simples, archivo electr\u00f3nico, o bien, podr\u00e1 consultarlos directamente en sitio. En caso de solicitar su derecho de rectificaci\u00f3n, su solicitud deber\u00e1 ir acompa\u00f1ada de la documentaci\u00f3n que ampare la procedencia de lo solicitado.<br \/><\/span><\/p>\n<p style=\"text-align: left;\"><span style=\"color: #162943; font-size: 12pt;\"><strong>\u00bfC\u00f3mo le informaremos sobre cambios al presente aviso de confidencialidad?<\/strong><br \/><\/span><\/p>\n<p style=\"text-align: left;\"><span style=\"color: #162943; font-size: 12pt;\">El presente aviso de privacidad puede sufrir modificaciones o actualizaciones, por lo cual, nos comprometemos a mantenerlo informado de tal situaci\u00f3n a trav\u00e9s de los siguientes medios:<br \/><\/span><\/p>\n<p style=\"text-align: left;\"><span style=\"color: #162943; font-size: 12pt;\">Nuestra p\u00e1gina de internet <a href=\"http:\/\/www.gruposolido.com.mx\"><strong>gruposolido.com.mx<\/strong><\/a><br \/>Notificaci\u00f3n personal a su correo electr\u00f3nico.<br \/>En la primera comunicaci\u00f3n que tengamos con usted despu\u00e9s del cambio.<br \/><\/span><\/p>\n<p style=\"text-align: left;\"><span style=\"color: #162943; font-size: 12pt;\"><strong>\u00bfC\u00f3mo contactarnos?<\/strong><\/span><\/p>\n<p style=\"text-align: left;\"><span style=\"color: #162943; font-size: 12pt;\">Si usted tiene alguna duda sobre el presente aviso de privacidad, puede dirigirla a:<br \/><br \/>La direcci\u00f3n electr\u00f3nica <strong>mercadotecnia@solido.com.mx<\/strong><br \/>Al tel\u00e9fono<strong> (33) 30012600<\/strong><br \/>Asimismo, ponemos a su entera disposici\u00f3n copias del presente aviso de privacidad en nuestro domicilio y en nuestra p\u00e1gina de Internet <a href=\"http:\/\/www.gruposolido.com.mx\"><strong>www.gruposolido.com.mx<\/strong><\/a><\/span><\/p>\n<\/div><\/div>\n<\/section><section class=\"bde-section-362-110 bde-section\">\n              \n  \n\t\n\n  <div class=\"section-background-overlay\"><\/div>\n\n\n<div class=\"section-container\"><div class=\"bde-columns-362-111 bde-columns\"><div class=\"bde-column-362-112 bde-column\">\n  \n\t\n\n\n\n<img decoding=\"async\" class=\"bde-image2-362-113 bde-image2\" src=\"https:\/\/gruposolido.com.mx\/puntoajijic\/wp-content\/uploads\/2025\/04\/Logo-1000-1000.png\" loading=\"lazy\"><\/img>\n<\/div><div class=\"bde-column-362-114 bde-column\">\n  \n\t\n\n\n\n<div class=\"bde-text-362-115 bde-text\">\nGrupo S\u00f3lido \u00a9<br>Todos los derechos reservados<br>\n<\/div>\n<\/div><div class=\"bde-column-362-116 bde-column\">\n  \n\t\n\n\n\n<div class=\"bde-icon-list-362-117 bde-icon-list bde-icon-list--background\">\n<ul>\n  \n              \n    <li>\n              <div class='bde-icon-list__item-wrapper'>\n      \n      <span class='bde-icon-list__icon'>\n        <svg xmlns=\"http:\/\/www.w3.org\/2000\/svg\" id=\"icon-whatsapp\" viewBox=\"0 0 32 32\">\n<path d=\"M27.281 4.65c-2.994-3-6.975-4.65-11.219-4.65-8.738 0-15.85 7.112-15.85 15.856 0 2.794 0.731 5.525 2.119 7.925l-2.25 8.219 8.406-2.206c2.319 1.262 4.925 1.931 7.575 1.931h0.006c0 0 0 0 0 0 8.738 0 15.856-7.113 15.856-15.856 0-4.238-1.65-8.219-4.644-11.219zM16.069 29.050v0c-2.369 0-4.688-0.637-6.713-1.837l-0.481-0.288-4.987 1.306 1.331-4.863-0.313-0.5c-1.325-2.094-2.019-4.519-2.019-7.012 0-7.269 5.912-13.181 13.188-13.181 3.519 0 6.831 1.375 9.319 3.862 2.488 2.494 3.856 5.8 3.856 9.325-0.006 7.275-5.919 13.188-13.181 13.188zM23.294 19.175c-0.394-0.2-2.344-1.156-2.706-1.288s-0.625-0.2-0.894 0.2c-0.262 0.394-1.025 1.288-1.256 1.556-0.231 0.262-0.462 0.3-0.856 0.1s-1.675-0.619-3.188-1.969c-1.175-1.050-1.975-2.35-2.206-2.744s-0.025-0.613 0.175-0.806c0.181-0.175 0.394-0.463 0.594-0.694s0.262-0.394 0.394-0.662c0.131-0.262 0.069-0.494-0.031-0.694s-0.894-2.15-1.219-2.944c-0.319-0.775-0.65-0.669-0.894-0.681-0.231-0.012-0.494-0.012-0.756-0.012s-0.694 0.1-1.056 0.494c-0.363 0.394-1.387 1.356-1.387 3.306s1.419 3.831 1.619 4.1c0.2 0.262 2.794 4.269 6.769 5.981 0.944 0.406 1.681 0.65 2.256 0.837 0.95 0.3 1.813 0.256 2.494 0.156 0.762-0.113 2.344-0.956 2.675-1.881s0.331-1.719 0.231-1.881c-0.094-0.175-0.356-0.275-0.756-0.475z\"\/>\n<\/svg>\n      <\/span>\n      <span class='bde-icon-list__text' >\n      +52 33 1894 4050\n      <\/span>\n              <\/div>\n      \n    <\/li>\n\n  \n              \n    <li>\n              <div class='bde-icon-list__item-wrapper'>\n      \n      <span class='bde-icon-list__icon'>\n        <svg xmlns=\"http:\/\/www.w3.org\/2000\/svg\" id=\"icon-facebook\" viewBox=\"0 0 32 32\">\n<path d=\"M19 6h5v-6h-5c-3.86 0-7 3.14-7 7v3h-4v6h4v16h6v-16h5l1-6h-6v-3c0-0.542 0.458-1 1-1z\"\/>\n<\/svg>\n      <\/span>\n      <span class='bde-icon-list__text' >\n      @puntoajijic\n      <\/span>\n              <\/div>\n      \n    <\/li>\n\n  <\/ul>\n\n<\/div>\n<\/div><\/div><\/div>\n<\/section><section class=\"bde-section-362-118 bde-section\">\n  \n\t\n\n\n\n<div class=\"section-container\"><a class=\"bde-text-link-362-119 bde-text-link breakdance-link\" href=\"https:\/\/gruposolido.com.mx\/puntoajijic\/aviso-de-privacidad\/\" target=\"_self\" data-type=\"url\">\n  Aviso de privacidad\n\n<\/a><a class=\"bde-text-link-362-120 bde-text-link breakdance-link\" href=\"https:\/\/gruposolido.com.mx\/politica-de-no-discriminacion\/\" target=\"_self\" data-type=\"url\">\n  Pol\u00edticas de no discriminaci\u00f3n\n\n<\/a><a class=\"bde-text-link-362-121 bde-text-link breakdance-link\" href=\"https:\/\/gruposolido.com.mx\/terminos-y-condiciones-de-las-garantias\/\" target=\"_self\" data-type=\"url\">\n  T\u00e9rminos y condiciones de\u00a0las\u00a0garant\u00edas\n\n<\/a><\/div>\n<\/section>","protected":false},"excerpt":{"rendered":"<p>Esencia Maqueta digital Prototipos Galer\u00eda y amenidades Ubicaci\u00f3n Contacto Avances Idiomas AVISO DE PRIVACIDAD \u00a0 AIJ DESARROLLOS S.A. DE C.V. est\u00e1 comprometido con la protecci\u00f3n de sus datos personales, al ser responsable de su uso, manejo y confidencialidad, y al respecto le informa lo siguiente: \u00bfPara qu\u00e9 fines utilizamos sus datos personales? Su informaci\u00f3n personal [&hellip;]<\/p>\n","protected":false},"author":2,"featured_media":0,"parent":0,"menu_order":0,"comment_status":"closed","ping_status":"closed","template":"breakdance_blank_canvas","meta":{"_breakdance_hide_in_design_set":false,"_breakdance_tags":"","footnotes":""},"class_list":["post-362","page","type-page","status-publish","hentry"],"lang":"en","translations":{"en":362},"pll_sync_post":[],"_links":{"self":[{"href":"https:\/\/gruposolido.com.mx\/puntoajijic\/wp-json\/wp\/v2\/pages\/362","targetHints":{"allow":["GET"]}}],"collection":[{"href":"https:\/\/gruposolido.com.mx\/puntoajijic\/wp-json\/wp\/v2\/pages"}],"about":[{"href":"https:\/\/gruposolido.com.mx\/puntoajijic\/wp-json\/wp\/v2\/types\/page"}],"author":[{"embeddable":true,"href":"https:\/\/gruposolido.com.mx\/puntoajijic\/wp-json\/wp\/v2\/users\/2"}],"replies":[{"embeddable":true,"href":"https:\/\/gruposolido.com.mx\/puntoajijic\/wp-json\/wp\/v2\/comments?post=362"}],"version-history":[{"count":5,"href":"https:\/\/gruposolido.com.mx\/puntoajijic\/wp-json\/wp\/v2\/pages\/362\/revisions"}],"predecessor-version":[{"id":376,"href":"https:\/\/gruposolido.com.mx\/puntoajijic\/wp-json\/wp\/v2\/pages\/362\/revisions\/376"}],"wp:attachment":[{"href":"https:\/\/gruposolido.com.mx\/puntoajijic\/wp-json\/wp\/v2\/media?parent=362"}],"curies":[{"name":"wp","href":"https:\/\/api.w.org\/{rel}","templated":true}]}}