{"id":371,"date":"2025-04-29T17:43:38","date_gmt":"2025-04-29T23:43:38","guid":{"rendered":"https:\/\/gruposolido.com.mx\/puntoajijic\/?page_id=371"},"modified":"2025-04-30T13:31:59","modified_gmt":"2025-04-30T19:31:59","slug":"terminos-y-condiciones-de-las-garantias","status":"publish","type":"page","link":"https:\/\/gruposolido.com.mx\/puntoajijic\/terminos-y-condiciones-de-las-garantias\/","title":{"rendered":"T\u00e9rminos y condiciones de las garant\u00edas"},"content":{"rendered":"<section class=\"bde-section-371-100 bde-section\">\n  \n\t\n\n\n\n<div class=\"section-container\"><div class=\"bde-rich-text-371-101 bde-rich-text breakdance-rich-text-styles\">\n<p style=\"text-align: center;\"><span style=\"color: #162943; font-size: 18pt;\"><b>T\u00c9RMINOS Y CONDICIONES DE LAS GARANT\u00cdAS<\/b><\/span><\/p>\n<p>\u00a0<\/p>\n<p>\u201cAcorde a lo que establece el Art\u00edculo 73 Qu\u00e1ter de la Ley Federal de Protecci\u00f3n al Consumidor, todo bien inmueble tiene una garant\u00eda de cinco a\u00f1os para cuestiones estructurales, y tres a\u00f1os para impermeabilizaci\u00f3n; para los dem\u00e1s elementos, la garant\u00eda ser\u00e1 de un a\u00f1o. Estos plazos ser\u00e1n contados a partir de la entrega real del bien. En el tiempo en que dure la garant\u00eda, el desarrollador tendr\u00e1 la obligaci\u00f3n de realizar, sin costo alguno para el consumidor, cualquier acto tendiente a la reparaci\u00f3n de los defectos o fallas presentadas por el bien objeto de la compraventa.<\/p>\n<ul>\n<li>El tiempo que duren las reparaciones efectuadas al inmueble al amparo de la garant\u00eda no es computable dentro del plazo de la misma; una vez que el inmueble haya sido reparado se iniciar\u00e1 la garant\u00eda respecto de las reparaciones realizadas, as\u00ed como con relaci\u00f3n a las piezas o bienes que hubieren sido repuestos y continuar\u00e1 respecto al resto del inmueble.<\/li>\n<li>Las garant\u00edas quedar\u00e1n invalidadas si por cualquier acto, el consumidor y\/o cualquier persona contratada por \u00e9ste, hiciera modificaciones, y\/o remodelaciones, y\/o alteraciones en cualquier componente de la vivienda\u201d.<\/li>\n<li>Las garant\u00edas se perder\u00e1n al dar un uso distinto al de Casa-Habitaci\u00f3n.<\/li>\n<li>No se atender\u00e1n da\u00f1os ocasionados por vecinos y\/o terceros.<\/li>\n<li>El desarrollador no se hace responsable por actos de robo o vandalismo en la vivienda.<\/li>\n<li>Las garant\u00edas no son v\u00e1lidas por falta de mantenimiento a la vivienda<\/li>\n<li>Las garant\u00edas no cubren da\u00f1o alguno ocasionado por fen\u00f3menos naturales.<\/li>\n<li>Las garant\u00edas no ser\u00e1n v\u00e1lidas cuando las protecciones de herrer\u00eda durante su instalaci\u00f3n hayan da\u00f1ado alguno de los elementos de la vivienda, por no haber seguido los procesos indicados por el desarrollador.<\/li>\n<li>Las garant\u00edas no ser\u00e1n v\u00e1lidas cuando durante la instalaci\u00f3n de las antenas para la obtenci\u00f3n de servicios (internet, televisi\u00f3n por cable, tel\u00e9fono) hayan da\u00f1ado alguno de los elementos de la vivienda, por no haber seguido las indicaciones proporcionadas por el desarrollador\u201d.<\/li>\n<\/ul>\n<p><strong>\u00bfC\u00f3mo contactarnos?<\/strong><\/p>\n<p>Si usted tiene alguna duda sobre el presente aviso de privacidad, puede dirigirla a:<br \/><br \/>La direcci\u00f3n electr\u00f3nica <strong>mercadotecnia@solido.com.mx<\/strong><br \/>Al tel\u00e9fono <strong>(33) 30012600<\/strong><\/p>\n<p>Asimismo, ponemos a su entera disposici\u00f3n copias del presente aviso de privacidad en nuestro domicilio y en nuestra p\u00e1gina de Internet<strong> <a href=\"http:\/\/www.gruposolido.com.mx\">www.gruposolido.com.mx<\/a><\/strong><\/p>\n<\/div><\/div>\n<\/section>","protected":false},"excerpt":{"rendered":"<p>T\u00c9RMINOS Y CONDICIONES DE LAS GARANT\u00cdAS \u00a0 \u201cAcorde a lo que establece el Art\u00edculo 73 Qu\u00e1ter de la Ley Federal de Protecci\u00f3n al Consumidor, todo bien inmueble tiene una garant\u00eda de cinco a\u00f1os para cuestiones estructurales, y tres a\u00f1os para impermeabilizaci\u00f3n; para los dem\u00e1s elementos, la garant\u00eda ser\u00e1 de un a\u00f1o. Estos plazos ser\u00e1n contados [&hellip;]<\/p>\n","protected":false},"author":2,"featured_media":0,"parent":0,"menu_order":0,"comment_status":"closed","ping_status":"closed","template":"","meta":{"_breakdance_hide_in_design_set":false,"_breakdance_tags":"","footnotes":""},"class_list":["post-371","page","type-page","status-publish","hentry"],"lang":"en","translations":{"en":371},"pll_sync_post":[],"_links":{"self":[{"href":"https:\/\/gruposolido.com.mx\/puntoajijic\/wp-json\/wp\/v2\/pages\/371","targetHints":{"allow":["GET"]}}],"collection":[{"href":"https:\/\/gruposolido.com.mx\/puntoajijic\/wp-json\/wp\/v2\/pages"}],"about":[{"href":"https:\/\/gruposolido.com.mx\/puntoajijic\/wp-json\/wp\/v2\/types\/page"}],"author":[{"embeddable":true,"href":"https:\/\/gruposolido.com.mx\/puntoajijic\/wp-json\/wp\/v2\/users\/2"}],"replies":[{"embeddable":true,"href":"https:\/\/gruposolido.com.mx\/puntoajijic\/wp-json\/wp\/v2\/comments?post=371"}],"version-history":[{"count":4,"href":"https:\/\/gruposolido.com.mx\/puntoajijic\/wp-json\/wp\/v2\/pages\/371\/revisions"}],"predecessor-version":[{"id":378,"href":"https:\/\/gruposolido.com.mx\/puntoajijic\/wp-json\/wp\/v2\/pages\/371\/revisions\/378"}],"wp:attachment":[{"href":"https:\/\/gruposolido.com.mx\/puntoajijic\/wp-json\/wp\/v2\/media?parent=371"}],"curies":[{"name":"wp","href":"https:\/\/api.w.org\/{rel}","templated":true}]}}