{"id":78,"date":"2025-07-03T20:02:52","date_gmt":"2025-07-03T20:02:52","guid":{"rendered":"https:\/\/gruposolido.com.mx\/santaanitahorizonte\/?page_id=78"},"modified":"2025-07-04T19:45:50","modified_gmt":"2025-07-04T19:45:50","slug":"aviso-de-privacidad","status":"publish","type":"page","link":"https:\/\/gruposolido.com.mx\/santaanitahorizonte\/aviso-de-privacidad\/","title":{"rendered":"Aviso de privacidad"},"content":{"rendered":"<div class=\"oxy-rich-text-78-100 oxy-rich-text\">\n<h2 style=\"text-align: center;\">AVISO DE PRIVACIDAD<\/h2>\n<p><strong>Constructora de Viviendas Solidas, S.A. DE C.V.<\/strong> est\u00e1 comprometida con la protecci\u00f3n de sus datos personales, al ser responsable de su uso, manejo y confidencialidad, y al respecto le informa lo siguiente:<\/p>\n<h4><strong>\u00bfPara qu\u00e9 fines utilizamos sus datos personales?<\/strong><\/h4>\n<p>Su informaci\u00f3n personal ser\u00e1 utilizada para las siguientes finalidades como son: Asesorarle en materia inmobiliaria, con la intenci\u00f3n que est\u00e9 en condiciones de adquirir un bien inmueble que necesite y solicite; Tener una legal identificaci\u00f3n; Llevar a cabo gestiones administrativas de apoyo a usted para que pueda acceder a cr\u00e9ditos para la adquisici\u00f3n de inmuebles; Verificar la informaci\u00f3n que nos proporciona; Cumplir con las disposiciones legales que sean aplicables; generar informaci\u00f3n estad\u00edstica y uso necesarios para la correcta comercializaci\u00f3n de los servicios.<\/p>\n<p>Adicionalmente podr\u00edamos utilizar su informaci\u00f3n personal para las siguientes finalidades que no son necesarias para el servicio que solicita, pero que nos permiten y facilitan brindarle una mejor atenci\u00f3n: Mantener su expediente completo a efecto de que los servicios que llegare a solicitar sean m\u00e1s \u00e1giles; Evaluar la calidad del servicio que le brindamos; Ofrecerle nuevos servicios, productos o promociones.<\/p>\n<h4><strong>\u00bfQu\u00e9 datos personales utilizamos para los fines anteriores?<\/strong><\/h4>\n<p>Como cliente le podemos solicitar la siguiente informaci\u00f3n personal, a Usted y a su c\u00f3nyuge (en caso de que sea casado):<\/p>\n<ul>\n<li>Su nombre, nacionalidad, lugar y fecha de nacimiento, estado civil, direcci\u00f3n, ocupaci\u00f3n, sexo, su RFC y\/o su CURP y en su caso su calidad migratoria.<\/li>\n<li>Su correo electr\u00f3nico y n\u00famero telef\u00f3nico particular y m\u00f3vil.<\/li>\n<li>Comprobantes oficiales que acrediten su identidad y personalidad de la informaci\u00f3n que Usted declara, as\u00ed como de las garant\u00edas que en su caso usted deba prestar para el cumplimiento de los contratos que celebre con nosotros.<\/li>\n<\/ul>\n<h4><strong>\u00bfCon qui\u00e9n compartimos sus datos personales?<\/strong><\/h4>\n<p>De forma eventual, sus datos personales se pueden compartir para el cumplimiento de requerimientos legales, o la atenci\u00f3n de una orden fundada y motivada de las autoridades competentes en ejercicio de sus funciones de notificaci\u00f3n, vigilancia y fiscalizaci\u00f3n, as\u00ed como autoridades judiciales y administrativas locales o federales en el marco de la legislaci\u00f3n mexicana.<\/p>\n<p>Asimismo, le informamos que en caso de que esta empresa, se vea obligada o necesite transferir su informaci\u00f3n personal a terceros nacionales o extranjeros distintos de los mencionados en el p\u00e1rrafo anterior, para el cumplimiento de nuestras actividades empresariales, ser\u00e1 informado previamente de esta situaci\u00f3n a efecto de solicitarle su autorizaci\u00f3n e informarle sobre los destinatarios o terceros receptores y finalidades de dichas transferencias, en t\u00e9rminos de lo previsto en los art\u00edculos 36 y 37 de la Ley Federal de Protecci\u00f3n de Datos Personales en Posesi\u00f3n de los Particulares y 68 de su Reglamento.<\/p>\n<p>En cualquier caso, comunicaremos el presente aviso de privacidad a los destinatarios de sus datos personales, a fin de que respeten sus t\u00e9rminos.<\/p>\n<h4><strong>\u00bfC\u00f3mo puede ejercer sus derechos arco o revocar su consentimiento?<\/strong><\/h4>\n<p>Los derechos ARCO, por sus siglas, se refieren al \u201cacceso, rectificaci\u00f3n, cancelaci\u00f3n y oposici\u00f3n\u201d al uso de sus datos personales.<\/p>\n<p>Usted podr\u00e1 acceder, rectificar, cancelar u oponerse al tratamiento de sus datos personales que tenemos en nuestros registros y archivos, o bien, revocar su consentimiento para el uso de los mismos, presentando solicitud por escrito en nuestro domicilio que se indica en el presente, dirigida a la persona o departamento de privacidad, o bien, v\u00eda correo electr\u00f3nico dirigido a\u00a0<strong><a href=\"mailto:mercadotecnia@solido.com.mx\">mercadotecnia@solido.com.mx<\/a><\/strong><\/p>\n<p>Al respecto, queremos manifestarle que el ejercicio de los derechos ARCO o la revocaci\u00f3n del consentimiento, es independiente de las modificaciones a los datos personales asentados en los documentos, contratos e instrumentos p\u00fablicos que se celebren para la adquisici\u00f3n o actos tendientes a la adquisici\u00f3n de los inmuebles que este grupo empresarial y sus empresas comercializan. Por lo cual, cualquier acci\u00f3n o petici\u00f3n que nos solicite respecto a los mismos se regir\u00e1 por la legislaci\u00f3n aplicable.<\/p>\n<p>Es importante informarle que su solicitud deber\u00e1 contener, al menos, la siguiente informaci\u00f3n:<\/p>\n<ol>\n<li>Su nombre o el de su representante, domicilio u otro medio para comunicarle la respuesta.<\/li>\n<li>Los documentos que acrediten su identidad, o en su caso, el de su representante.<\/li>\n<li>La descripci\u00f3n clara y precisa de los datos personales respecto de los cuales busca ejercer su derecho, y,<\/li>\n<li>Cualquier otro elemento o documento que facilite la localizaci\u00f3n de los datos personales.<\/li>\n<\/ol>\n<p>Asimismo, deber\u00e1 acreditar su identidad mediante identificaci\u00f3n oficial vigente o en caso de presentar su solicitud a trav\u00e9s de su representante, a trav\u00e9s de instrumento p\u00fablico, carta poder firmada ante dos testigos o declaraci\u00f3n en comparecencia personal del titular.<\/p>\n<p>Nos comprometemos a darle respuesta en un plazo m\u00e1ximo de 20 d\u00edas h\u00e1biles contados a partir del d\u00eda en que recibamos su solicitud, misma que pondremos a su disposici\u00f3n en nuestro domicilio si en \u00e9l present\u00f3 su solicitud, o bien, a trav\u00e9s de correo electr\u00f3nico si el ejercicio de derechos ARCO los solicit\u00f3 por ese medio, previa acreditaci\u00f3n de su identidad. Si solicita acceso a sus datos personales, la reproducci\u00f3n de \u00e9stos se llevar\u00e1 a cabo a trav\u00e9s de copias simples, archivo electr\u00f3nico, o bien, podr\u00e1 consultarlos directamente en sitio. En caso de solicitar su derecho de rectificaci\u00f3n, su solicitud deber\u00e1 ir acompa\u00f1ada de la documentaci\u00f3n que ampare la procedencia de lo solicitado.<\/p>\n<p><strong>\u00bfC\u00f3mo le informaremos sobre cambios al presente aviso de confidencialidad?<\/strong><\/p>\n<p>El presente aviso de privacidad puede sufrir modificaciones o actualizaciones, por lo cual, nos comprometemos a mantenerlo informado de tal situaci\u00f3n a trav\u00e9s de los siguientes medios:<\/p>\n<ul>\n<li>Nuestra p\u00e1gina de internet\u00a0<strong><a href=\"https:\/\/www.gruposolido.com.mx\/www.gruposolido.com.mx\">gruposolido.com.mx<\/a><\/strong><\/li>\n<li>Notificaci\u00f3n personal a su correo electr\u00f3nico.<\/li>\n<li>En la primera comunicaci\u00f3n que tengamos con usted despu\u00e9s del cambio.<\/li>\n<\/ul>\n<h4><strong>\u00bfC\u00f3mo contactarnos?<\/strong><\/h4>\n<p>Si usted tiene alguna duda sobre el presente aviso de privacidad, puede dirigirla a:<\/p>\n<ul>\n<li>La direcci\u00f3n electr\u00f3nica\u00a0<strong><a href=\"mailto:mercadotecnia@solido.com.mx\">mercadotecnia@solido.com.mx<\/a><\/strong><\/li>\n<li>Al tel\u00e9fono\u00a0<strong><a href=\"tel:3330012600\">(33) 30012600<\/a><\/strong><\/li>\n<li>Al domicilio <strong>Av. Adolfo L\u00f3pez Mateos Sur 2077,\u00a0 int. 42, Chapalita Oriente, 44040, Zapopan, Jal.<\/strong><\/li>\n<\/ul>\n<p>Asimismo, ponemos a su entera disposici\u00f3n copias del presente aviso de privacidad en nuestro domicilio y en nuestra p\u00e1gina de Internet\u00a0<strong><a href=\"https:\/\/gruposolido.com.mx\/haciendasantillana\/aviso\/www.gruposolido.com.mx\">www.gruposolido.com.mx<\/a><\/strong><\/p>\n<\/div>","protected":false},"excerpt":{"rendered":"<p>AVISO DE PRIVACIDAD Constructora de Viviendas Solidas, S.A. DE C.V. est\u00e1 comprometida con la protecci\u00f3n de sus datos personales, al ser responsable de su uso, manejo y confidencialidad, y al respecto le informa lo siguiente: \u00bfPara qu\u00e9 fines utilizamos sus datos personales? Su informaci\u00f3n personal ser\u00e1 utilizada para las siguientes finalidades como son: Asesorarle en [&hellip;]<\/p>\n","protected":false},"author":1,"featured_media":0,"parent":0,"menu_order":0,"comment_status":"closed","ping_status":"closed","template":"","meta":{"_oxygen_hide_in_design_set":false,"_oxygen_tags":"","footnotes":""},"class_list":["post-78","page","type-page","status-publish","hentry"],"yoast_head":"<!-- This site is optimized with the Yoast SEO Premium plugin v25.3 (Yoast SEO v25.3) - https:\/\/yoast.com\/wordpress\/plugins\/seo\/ -->\n<title>Aviso de privacidad - Santa Anita Horizonte | Departamentos con amenidades para familias en fraccionamiento privado<\/title>\n<meta name=\"robots\" content=\"index, follow, max-snippet:-1, max-image-preview:large, max-video-preview:-1\" \/>\n<link rel=\"canonical\" href=\"https:\/\/gruposolido.com.mx\/santaanitahorizonte\/aviso-de-privacidad\/\" \/>\n<meta property=\"og:locale\" content=\"es_MX\" \/>\n<meta property=\"og:type\" content=\"article\" \/>\n<meta property=\"og:title\" content=\"Aviso de privacidad\" \/>\n<meta property=\"og:description\" content=\"AVISO DE PRIVACIDAD Constructora de Viviendas Solidas, S.A. DE C.V. est\u00e1 comprometida con la protecci\u00f3n de sus datos personales, al ser responsable de su uso, manejo y confidencialidad, y al respecto le informa lo siguiente: \u00bfPara qu\u00e9 fines utilizamos sus datos personales? Su informaci\u00f3n personal ser\u00e1 utilizada para las siguientes finalidades como son: Asesorarle en [&hellip;]\" \/>\n<meta property=\"og:url\" content=\"https:\/\/gruposolido.com.mx\/santaanitahorizonte\/aviso-de-privacidad\/\" \/>\n<meta property=\"og:site_name\" content=\"Santa Anita Horizonte | Departamentos con amenidades para familias en fraccionamiento privado\" \/>\n<meta property=\"article:modified_time\" content=\"2025-07-04T19:45:50+00:00\" \/>\n<meta name=\"twitter:card\" content=\"summary_large_image\" \/>\n<meta name=\"twitter:label1\" content=\"Tiempo de lectura\" \/>\n\t<meta name=\"twitter:data1\" content=\"5 minutos\" \/>\n<script type=\"application\/ld+json\" class=\"yoast-schema-graph\">{\"@context\":\"https:\/\/schema.org\",\"@graph\":[{\"@type\":\"WebPage\",\"@id\":\"https:\/\/gruposolido.com.mx\/santaanitahorizonte\/aviso-de-privacidad\/\",\"url\":\"https:\/\/gruposolido.com.mx\/santaanitahorizonte\/aviso-de-privacidad\/\",\"name\":\"Aviso de privacidad - Santa Anita Horizonte | Departamentos con amenidades para familias en fraccionamiento privado\",\"isPartOf\":{\"@id\":\"https:\/\/gruposolido.com.mx\/santaanitahorizonte\/#website\"},\"datePublished\":\"2025-07-03T20:02:52+00:00\",\"dateModified\":\"2025-07-04T19:45:50+00:00\",\"breadcrumb\":{\"@id\":\"https:\/\/gruposolido.com.mx\/santaanitahorizonte\/aviso-de-privacidad\/#breadcrumb\"},\"inLanguage\":\"es\",\"potentialAction\":[{\"@type\":\"ReadAction\",\"target\":[\"https:\/\/gruposolido.com.mx\/santaanitahorizonte\/aviso-de-privacidad\/\"]}]},{\"@type\":\"BreadcrumbList\",\"@id\":\"https:\/\/gruposolido.com.mx\/santaanitahorizonte\/aviso-de-privacidad\/#breadcrumb\",\"itemListElement\":[{\"@type\":\"ListItem\",\"position\":1,\"name\":\"Home\",\"item\":\"https:\/\/gruposolido.com.mx\/santaanitahorizonte\/\"},{\"@type\":\"ListItem\",\"position\":2,\"name\":\"Aviso de privacidad\"}]},{\"@type\":\"WebSite\",\"@id\":\"https:\/\/gruposolido.com.mx\/santaanitahorizonte\/#website\",\"url\":\"https:\/\/gruposolido.com.mx\/santaanitahorizonte\/\",\"name\":\"Santa Anita Horizonte | Departamentos con amenidades para familias en fraccionamiento privado\",\"description\":\"Descubre Santa Anita Horizonte: departamentos de 47.87 y 78 m\u00b2 en fraccionamiento privado con alberca, \u00e1reas verdes, juegos, trotapista y locales comerciales. Ideal para familias.\",\"potentialAction\":[{\"@type\":\"SearchAction\",\"target\":{\"@type\":\"EntryPoint\",\"urlTemplate\":\"https:\/\/gruposolido.com.mx\/santaanitahorizonte\/?s={search_term_string}\"},\"query-input\":{\"@type\":\"PropertyValueSpecification\",\"valueRequired\":true,\"valueName\":\"search_term_string\"}}],\"inLanguage\":\"es\"}]}<\/script>\n<!-- \/ Yoast SEO Premium plugin. -->","yoast_head_json":{"title":"Aviso de privacidad - Santa Anita Horizonte | Departamentos con amenidades para familias en fraccionamiento privado","robots":{"index":"index","follow":"follow","max-snippet":"max-snippet:-1","max-image-preview":"max-image-preview:large","max-video-preview":"max-video-preview:-1"},"canonical":"https:\/\/gruposolido.com.mx\/santaanitahorizonte\/aviso-de-privacidad\/","og_locale":"es_MX","og_type":"article","og_title":"Aviso de privacidad","og_description":"AVISO DE PRIVACIDAD Constructora de Viviendas Solidas, S.A. DE C.V. est\u00e1 comprometida con la protecci\u00f3n de sus datos personales, al ser responsable de su uso, manejo y confidencialidad, y al respecto le informa lo siguiente: \u00bfPara qu\u00e9 fines utilizamos sus datos personales? Su informaci\u00f3n personal ser\u00e1 utilizada para las siguientes finalidades como son: Asesorarle en [&hellip;]","og_url":"https:\/\/gruposolido.com.mx\/santaanitahorizonte\/aviso-de-privacidad\/","og_site_name":"Santa Anita Horizonte | Departamentos con amenidades para familias en fraccionamiento privado","article_modified_time":"2025-07-04T19:45:50+00:00","twitter_card":"summary_large_image","twitter_misc":{"Tiempo de lectura":"5 minutos"},"schema":{"@context":"https:\/\/schema.org","@graph":[{"@type":"WebPage","@id":"https:\/\/gruposolido.com.mx\/santaanitahorizonte\/aviso-de-privacidad\/","url":"https:\/\/gruposolido.com.mx\/santaanitahorizonte\/aviso-de-privacidad\/","name":"Aviso de privacidad - Santa Anita Horizonte | Departamentos con amenidades para familias en fraccionamiento privado","isPartOf":{"@id":"https:\/\/gruposolido.com.mx\/santaanitahorizonte\/#website"},"datePublished":"2025-07-03T20:02:52+00:00","dateModified":"2025-07-04T19:45:50+00:00","breadcrumb":{"@id":"https:\/\/gruposolido.com.mx\/santaanitahorizonte\/aviso-de-privacidad\/#breadcrumb"},"inLanguage":"es","potentialAction":[{"@type":"ReadAction","target":["https:\/\/gruposolido.com.mx\/santaanitahorizonte\/aviso-de-privacidad\/"]}]},{"@type":"BreadcrumbList","@id":"https:\/\/gruposolido.com.mx\/santaanitahorizonte\/aviso-de-privacidad\/#breadcrumb","itemListElement":[{"@type":"ListItem","position":1,"name":"Home","item":"https:\/\/gruposolido.com.mx\/santaanitahorizonte\/"},{"@type":"ListItem","position":2,"name":"Aviso de privacidad"}]},{"@type":"WebSite","@id":"https:\/\/gruposolido.com.mx\/santaanitahorizonte\/#website","url":"https:\/\/gruposolido.com.mx\/santaanitahorizonte\/","name":"Santa Anita Horizonte | Departamentos con amenidades para familias en fraccionamiento privado","description":"Descubre Santa Anita Horizonte: departamentos de 47.87 y 78 m\u00b2 en fraccionamiento privado con alberca, \u00e1reas verdes, juegos, trotapista y locales comerciales. Ideal para familias.","potentialAction":[{"@type":"SearchAction","target":{"@type":"EntryPoint","urlTemplate":"https:\/\/gruposolido.com.mx\/santaanitahorizonte\/?s={search_term_string}"},"query-input":{"@type":"PropertyValueSpecification","valueRequired":true,"valueName":"search_term_string"}}],"inLanguage":"es"}]}},"_links":{"self":[{"href":"https:\/\/gruposolido.com.mx\/santaanitahorizonte\/wp-json\/wp\/v2\/pages\/78","targetHints":{"allow":["GET"]}}],"collection":[{"href":"https:\/\/gruposolido.com.mx\/santaanitahorizonte\/wp-json\/wp\/v2\/pages"}],"about":[{"href":"https:\/\/gruposolido.com.mx\/santaanitahorizonte\/wp-json\/wp\/v2\/types\/page"}],"author":[{"embeddable":true,"href":"https:\/\/gruposolido.com.mx\/santaanitahorizonte\/wp-json\/wp\/v2\/users\/1"}],"replies":[{"embeddable":true,"href":"https:\/\/gruposolido.com.mx\/santaanitahorizonte\/wp-json\/wp\/v2\/comments?post=78"}],"version-history":[{"count":8,"href":"https:\/\/gruposolido.com.mx\/santaanitahorizonte\/wp-json\/wp\/v2\/pages\/78\/revisions"}],"predecessor-version":[{"id":102,"href":"https:\/\/gruposolido.com.mx\/santaanitahorizonte\/wp-json\/wp\/v2\/pages\/78\/revisions\/102"}],"wp:attachment":[{"href":"https:\/\/gruposolido.com.mx\/santaanitahorizonte\/wp-json\/wp\/v2\/media?parent=78"}],"curies":[{"name":"wp","href":"https:\/\/api.w.org\/{rel}","templated":true}]}}