{"id":85,"date":"2025-07-03T20:15:17","date_gmt":"2025-07-03T20:15:17","guid":{"rendered":"https:\/\/gruposolido.com.mx\/santaanitahorizonte\/?page_id=85"},"modified":"2025-07-03T23:36:38","modified_gmt":"2025-07-03T23:36:38","slug":"politica-de-no-discriminacion","status":"publish","type":"page","link":"https:\/\/gruposolido.com.mx\/santaanitahorizonte\/politica-de-no-discriminacion\/","title":{"rendered":"Pol\u00edtica de no discriminaci\u00f3n"},"content":{"rendered":"<div class=\"oxy-rich-text-85-100 oxy-rich-text\">\n<h2 style=\"text-align: center;\">POL\u00cdTICA DE NO DISCRIMINACI\u00d3N EN LA PROMOCI\u00d3N Y VENTA DE VIVIENDAS<b>\u00a0<\/b><\/h2>\n<p><strong>Constructora de Viviendas Solidas, S.A. DE C.V.<\/strong> como empresa socialmente responsable, y como ente comprometido con la defensa y el cumplimiento de los Derechos Humanos hace de su conocimiento que garantiza el derecho fundamental a la no discriminaci\u00f3n en los procesos de promoci\u00f3n y venta de inmuebles, quedando prohibido cualquier forma de maltrato, violencia, as\u00ed como hacer distinciones, exclusiones, o restricciones basadas en el origen \u00e9tnico o nacional, apariencia f\u00edsica, cultura, sexo, g\u00e9nero, edad, discapacidad, condici\u00f3n social o econ\u00f3mica, condiciones de salud, embarazo, lengua, religi\u00f3n, dogmas pol\u00edticos, opiniones, preferencias sexuales, estado civil, situaci\u00f3n migratoria, o cualquier otra, que tenga por efecto impedir, coartar, o anular el ejercicio de los derechos de los clientes.<\/p>\n<h4><strong>\u00bfC\u00f3mo contactarnos?<\/strong><\/h4>\n<p>Si usted tiene alguna duda sobre el presente Pol\u00edtica de No Discriminaci\u00f3n en la Promoci\u00f3n y Venta de Viviendas, puede dirigirla a:<\/p>\n<ul>\n<li>La direcci\u00f3n electr\u00f3nica\u00a0<strong><a href=\"mailto:mercadotecnia@solido.com.mx\">mercadotecnia@solido.com.mx<\/a><\/strong><\/li>\n<li>Al tel\u00e9fono\u00a0<strong><a href=\"tel:3330012600\">(33) 30012600<\/a><\/strong><\/li>\n<\/ul>\n<p>Asimismo, ponemos a su entera disposici\u00f3n copias del presente aviso de privacidad en nuestro domicilio y en nuestra p\u00e1gina de Internet\u00a0<strong><a href=\"https:\/\/gruposolido.com.mx\/haciendasantillana\/aviso\/www.gruposolido.com.mx\">www.gruposolido.com.mx<\/a><\/strong><\/p>\n<\/div>","protected":false},"excerpt":{"rendered":"<p>POL\u00cdTICA DE NO DISCRIMINACI\u00d3N EN LA PROMOCI\u00d3N Y VENTA DE VIVIENDAS\u00a0 Constructora de Viviendas Solidas, S.A. DE C.V. como empresa socialmente responsable, y como ente comprometido con la defensa y el cumplimiento de los Derechos Humanos hace de su conocimiento que garantiza el derecho fundamental a la no discriminaci\u00f3n en los procesos de promoci\u00f3n y [&hellip;]<\/p>\n","protected":false},"author":2,"featured_media":0,"parent":0,"menu_order":0,"comment_status":"closed","ping_status":"closed","template":"","meta":{"_oxygen_hide_in_design_set":false,"_oxygen_tags":"","footnotes":""},"class_list":["post-85","page","type-page","status-publish","hentry"],"yoast_head":"<!-- This site is optimized with the Yoast SEO Premium plugin v25.3 (Yoast SEO v25.3) - https:\/\/yoast.com\/wordpress\/plugins\/seo\/ -->\n<title>Pol\u00edtica de no discriminaci\u00f3n - Santa Anita Horizonte | Departamentos con amenidades para familias en fraccionamiento privado<\/title>\n<meta name=\"robots\" content=\"index, follow, max-snippet:-1, max-image-preview:large, max-video-preview:-1\" \/>\n<link rel=\"canonical\" href=\"https:\/\/gruposolido.com.mx\/santaanitahorizonte\/politica-de-no-discriminacion\/\" \/>\n<meta property=\"og:locale\" content=\"es_MX\" \/>\n<meta property=\"og:type\" content=\"article\" \/>\n<meta property=\"og:title\" content=\"Pol\u00edtica de no discriminaci\u00f3n\" \/>\n<meta property=\"og:description\" content=\"POL\u00cdTICA DE NO DISCRIMINACI\u00d3N EN LA PROMOCI\u00d3N Y VENTA DE VIVIENDAS\u00a0 Constructora de Viviendas Solidas, S.A. DE C.V. como empresa socialmente responsable, y como ente comprometido con la defensa y el cumplimiento de los Derechos Humanos hace de su conocimiento que garantiza el derecho fundamental a la no discriminaci\u00f3n en los procesos de promoci\u00f3n y [&hellip;]\" \/>\n<meta property=\"og:url\" content=\"https:\/\/gruposolido.com.mx\/santaanitahorizonte\/politica-de-no-discriminacion\/\" \/>\n<meta property=\"og:site_name\" content=\"Santa Anita Horizonte | Departamentos con amenidades para familias en fraccionamiento privado\" \/>\n<meta property=\"article:modified_time\" content=\"2025-07-03T23:36:38+00:00\" \/>\n<meta name=\"twitter:card\" content=\"summary_large_image\" \/>\n<meta name=\"twitter:label1\" content=\"Tiempo de lectura\" \/>\n\t<meta name=\"twitter:data1\" content=\"1 minuto\" \/>\n<script type=\"application\/ld+json\" class=\"yoast-schema-graph\">{\"@context\":\"https:\/\/schema.org\",\"@graph\":[{\"@type\":\"WebPage\",\"@id\":\"https:\/\/gruposolido.com.mx\/santaanitahorizonte\/politica-de-no-discriminacion\/\",\"url\":\"https:\/\/gruposolido.com.mx\/santaanitahorizonte\/politica-de-no-discriminacion\/\",\"name\":\"Pol\u00edtica de no discriminaci\u00f3n - Santa Anita Horizonte | Departamentos con amenidades para familias en fraccionamiento privado\",\"isPartOf\":{\"@id\":\"https:\/\/gruposolido.com.mx\/santaanitahorizonte\/#website\"},\"datePublished\":\"2025-07-03T20:15:17+00:00\",\"dateModified\":\"2025-07-03T23:36:38+00:00\",\"breadcrumb\":{\"@id\":\"https:\/\/gruposolido.com.mx\/santaanitahorizonte\/politica-de-no-discriminacion\/#breadcrumb\"},\"inLanguage\":\"es\",\"potentialAction\":[{\"@type\":\"ReadAction\",\"target\":[\"https:\/\/gruposolido.com.mx\/santaanitahorizonte\/politica-de-no-discriminacion\/\"]}]},{\"@type\":\"BreadcrumbList\",\"@id\":\"https:\/\/gruposolido.com.mx\/santaanitahorizonte\/politica-de-no-discriminacion\/#breadcrumb\",\"itemListElement\":[{\"@type\":\"ListItem\",\"position\":1,\"name\":\"Home\",\"item\":\"https:\/\/gruposolido.com.mx\/santaanitahorizonte\/\"},{\"@type\":\"ListItem\",\"position\":2,\"name\":\"Pol\u00edtica de no discriminaci\u00f3n\"}]},{\"@type\":\"WebSite\",\"@id\":\"https:\/\/gruposolido.com.mx\/santaanitahorizonte\/#website\",\"url\":\"https:\/\/gruposolido.com.mx\/santaanitahorizonte\/\",\"name\":\"Santa Anita Horizonte | Departamentos con amenidades para familias en fraccionamiento privado\",\"description\":\"Descubre Santa Anita Horizonte: departamentos de 47.87 y 78 m\u00b2 en fraccionamiento privado con alberca, \u00e1reas verdes, juegos, trotapista y locales comerciales. Ideal para familias.\",\"potentialAction\":[{\"@type\":\"SearchAction\",\"target\":{\"@type\":\"EntryPoint\",\"urlTemplate\":\"https:\/\/gruposolido.com.mx\/santaanitahorizonte\/?s={search_term_string}\"},\"query-input\":{\"@type\":\"PropertyValueSpecification\",\"valueRequired\":true,\"valueName\":\"search_term_string\"}}],\"inLanguage\":\"es\"}]}<\/script>\n<!-- \/ Yoast SEO Premium plugin. -->","yoast_head_json":{"title":"Pol\u00edtica de no discriminaci\u00f3n - Santa Anita Horizonte | Departamentos con amenidades para familias en fraccionamiento privado","robots":{"index":"index","follow":"follow","max-snippet":"max-snippet:-1","max-image-preview":"max-image-preview:large","max-video-preview":"max-video-preview:-1"},"canonical":"https:\/\/gruposolido.com.mx\/santaanitahorizonte\/politica-de-no-discriminacion\/","og_locale":"es_MX","og_type":"article","og_title":"Pol\u00edtica de no discriminaci\u00f3n","og_description":"POL\u00cdTICA DE NO DISCRIMINACI\u00d3N EN LA PROMOCI\u00d3N Y VENTA DE VIVIENDAS\u00a0 Constructora de Viviendas Solidas, S.A. DE C.V. como empresa socialmente responsable, y como ente comprometido con la defensa y el cumplimiento de los Derechos Humanos hace de su conocimiento que garantiza el derecho fundamental a la no discriminaci\u00f3n en los procesos de promoci\u00f3n y [&hellip;]","og_url":"https:\/\/gruposolido.com.mx\/santaanitahorizonte\/politica-de-no-discriminacion\/","og_site_name":"Santa Anita Horizonte | Departamentos con amenidades para familias en fraccionamiento privado","article_modified_time":"2025-07-03T23:36:38+00:00","twitter_card":"summary_large_image","twitter_misc":{"Tiempo de lectura":"1 minuto"},"schema":{"@context":"https:\/\/schema.org","@graph":[{"@type":"WebPage","@id":"https:\/\/gruposolido.com.mx\/santaanitahorizonte\/politica-de-no-discriminacion\/","url":"https:\/\/gruposolido.com.mx\/santaanitahorizonte\/politica-de-no-discriminacion\/","name":"Pol\u00edtica de no discriminaci\u00f3n - Santa Anita Horizonte | Departamentos con amenidades para familias en fraccionamiento privado","isPartOf":{"@id":"https:\/\/gruposolido.com.mx\/santaanitahorizonte\/#website"},"datePublished":"2025-07-03T20:15:17+00:00","dateModified":"2025-07-03T23:36:38+00:00","breadcrumb":{"@id":"https:\/\/gruposolido.com.mx\/santaanitahorizonte\/politica-de-no-discriminacion\/#breadcrumb"},"inLanguage":"es","potentialAction":[{"@type":"ReadAction","target":["https:\/\/gruposolido.com.mx\/santaanitahorizonte\/politica-de-no-discriminacion\/"]}]},{"@type":"BreadcrumbList","@id":"https:\/\/gruposolido.com.mx\/santaanitahorizonte\/politica-de-no-discriminacion\/#breadcrumb","itemListElement":[{"@type":"ListItem","position":1,"name":"Home","item":"https:\/\/gruposolido.com.mx\/santaanitahorizonte\/"},{"@type":"ListItem","position":2,"name":"Pol\u00edtica de no discriminaci\u00f3n"}]},{"@type":"WebSite","@id":"https:\/\/gruposolido.com.mx\/santaanitahorizonte\/#website","url":"https:\/\/gruposolido.com.mx\/santaanitahorizonte\/","name":"Santa Anita Horizonte | Departamentos con amenidades para familias en fraccionamiento privado","description":"Descubre Santa Anita Horizonte: departamentos de 47.87 y 78 m\u00b2 en fraccionamiento privado con alberca, \u00e1reas verdes, juegos, trotapista y locales comerciales. Ideal para familias.","potentialAction":[{"@type":"SearchAction","target":{"@type":"EntryPoint","urlTemplate":"https:\/\/gruposolido.com.mx\/santaanitahorizonte\/?s={search_term_string}"},"query-input":{"@type":"PropertyValueSpecification","valueRequired":true,"valueName":"search_term_string"}}],"inLanguage":"es"}]}},"_links":{"self":[{"href":"https:\/\/gruposolido.com.mx\/santaanitahorizonte\/wp-json\/wp\/v2\/pages\/85","targetHints":{"allow":["GET"]}}],"collection":[{"href":"https:\/\/gruposolido.com.mx\/santaanitahorizonte\/wp-json\/wp\/v2\/pages"}],"about":[{"href":"https:\/\/gruposolido.com.mx\/santaanitahorizonte\/wp-json\/wp\/v2\/types\/page"}],"author":[{"embeddable":true,"href":"https:\/\/gruposolido.com.mx\/santaanitahorizonte\/wp-json\/wp\/v2\/users\/2"}],"replies":[{"embeddable":true,"href":"https:\/\/gruposolido.com.mx\/santaanitahorizonte\/wp-json\/wp\/v2\/comments?post=85"}],"version-history":[{"count":4,"href":"https:\/\/gruposolido.com.mx\/santaanitahorizonte\/wp-json\/wp\/v2\/pages\/85\/revisions"}],"predecessor-version":[{"id":97,"href":"https:\/\/gruposolido.com.mx\/santaanitahorizonte\/wp-json\/wp\/v2\/pages\/85\/revisions\/97"}],"wp:attachment":[{"href":"https:\/\/gruposolido.com.mx\/santaanitahorizonte\/wp-json\/wp\/v2\/media?parent=85"}],"curies":[{"name":"wp","href":"https:\/\/api.w.org\/{rel}","templated":true}]}}